{"id":28,"date":"2016-05-03T17:28:32","date_gmt":"2016-05-03T15:28:32","guid":{"rendered":"http:\/\/www.alpedhuezvtt.com\/v2\/?page_id=28"},"modified":"2022-05-05T23:31:33","modified_gmt":"2022-05-05T21:31:33","slug":"bike-aprem","status":"publish","type":"page","link":"https:\/\/www.alpedhuezvtt.com\/v2\/fr\/bike-aprem\/","title":{"rendered":"Bike Apr\u00e8m"},"content":{"rendered":"<p><img decoding=\"async\" loading=\"lazy\" class=\"product_banner aligncenter wp-image-296 size-full\" src=\"http:\/\/www.alpedhuezvtt.com\/v2\/wp-content\/uploads\/2016\/06\/bike_aprem_banner_big.jpg\" alt=\"Bike Aprem vue du ciel\" width=\"1200\" height=\"600\" \/><\/p>\n<p><strong>Permet de d\u00e9couvrir l&rsquo;activit\u00e9 et de rejoindre le <a title=\"Voir les d\u00e9tails\" href=\"..\/summer-camp\/\">Summer Camp<\/a>.<\/strong><\/p>\n<p>La <strong>BIKE APREM<\/strong> c&rsquo;est la d\u00e9couverte des pistes de l&rsquo;Alpe d&rsquo;Huez en VTT alpin. Si vous glissez en ski alpin l&rsquo;hiver, venez rouler en VTT alpin l&rsquo;\u00e9t\u00e9 et d\u00e9couvrez les plaisirs de la descente accompagn\u00e9 d&rsquo;un moniteur, seul ou en famille. Les remont\u00e9es s&rsquo;effectuent en t\u00e9l\u00e9cabine.<\/p>\n<h6>Horaire :<\/h6>\n<p>14h &#8211; 16h ou en cas d&rsquo;afflucence 13h-15h ou 15h30-17h30 tous les dimanches apr\u00e8s midi de la saison d&rsquo;\u00e9t\u00e9.<\/p>\n<h6>Niveau :<\/h6>\n<p><a href=\"..\/niveaux-et-materiel\/\">\u00ab\u00a0Sans roulettes\u00a0\u00bb \u00e0 \u00ab\u00a0Niveau 5\u00a0\u00bb.<\/a><\/p>\n<h6>Tarif :<\/h6>\n<p>En cours de n\u00e9gociation.\u00a0<strong>La vente se fera directement chez les loueurs participant \u00e0 l&rsquo;op\u00e9ration.<\/strong><\/p>\n<h6>Organisation :<\/h6>\n<p>R\u00e9servation des s\u00e9ances <a href=\"..\/location-de-velos\/\">chez les loueurs<\/a>.<\/p>\n<p>Accueil le dimanche apr\u00e8s-midi \u00e0 13:00, 14:00 ou 15:30 \u00e0 <a href=\"https:\/\/www.google.fr\/maps\/place\/Bureau+des+Guides+de+L'Alpe+d'Huez\/@45.097772,6.069445,3a,75y,255h,90t\/data=!3m7!1e1!3m5!1s-DNZiRRcCh6v3TfXgr4Kuw!2e0!6s%2F%2Fgeo1.ggpht.com%2Fcbk%3Fpanoid%3D-DNZiRRcCh6v3TfXgr4Kuw%26output%3Dthumbnail%26cb_client%3Dsearch.TACTILE.gps%26thumb%3D2%26w%3D234%26h%3D106%26yaw%3D255.88892%26pitch%3D0!7i13312!8i6656!4m5!3m4!1s0x0000000000000000:0x7546f5cad0a8341a!8m2!3d45.097752!4d6.0693351!6m1!1e1\"><u>l&rsquo;\u00e9cole de VTT<\/u><\/a>\u00a0pour la v\u00e9rification du mat\u00e9riel et le d\u00e9but de la s\u00e9ance.<\/p>\n","protected":false},"excerpt":{"rendered":"<p>Permet de d\u00e9couvrir l&rsquo;activit\u00e9 et de rejoindre le Summer Camp. La BIKE APREM c&rsquo;est la d\u00e9couverte des pistes de l&rsquo;Alpe<\/p>\n","protected":false},"author":1,"featured_media":0,"parent":0,"menu_order":0,"comment_status":"closed","ping_status":"closed","template":"","meta":[],"_links":{"self":[{"href":"https:\/\/www.alpedhuezvtt.com\/v2\/wp-json\/wp\/v2\/pages\/28"}],"collection":[{"href":"https:\/\/www.alpedhuezvtt.com\/v2\/wp-json\/wp\/v2\/pages"}],"about":[{"href":"https:\/\/www.alpedhuezvtt.com\/v2\/wp-json\/wp\/v2\/types\/page"}],"author":[{"embeddable":true,"href":"https:\/\/www.alpedhuezvtt.com\/v2\/wp-json\/wp\/v2\/users\/1"}],"replies":[{"embeddable":true,"href":"https:\/\/www.alpedhuezvtt.com\/v2\/wp-json\/wp\/v2\/comments?post=28"}],"version-history":[{"count":18,"href":"https:\/\/www.alpedhuezvtt.com\/v2\/wp-json\/wp\/v2\/pages\/28\/revisions"}],"predecessor-version":[{"id":708,"href":"https:\/\/www.alpedhuezvtt.com\/v2\/wp-json\/wp\/v2\/pages\/28\/revisions\/708"}],"wp:attachment":[{"href":"https:\/\/www.alpedhuezvtt.com\/v2\/wp-json\/wp\/v2\/media?parent=28"}],"curies":[{"name":"wp","href":"https:\/\/api.w.org\/{rel}","templated":true}]}}